{"id":105,"date":"2016-05-02T16:03:13","date_gmt":"2016-05-02T14:03:13","guid":{"rendered":"http:\/\/glasmij.com\/gartenbauglas-new\/?page_id=105"},"modified":"2024-05-16T14:21:54","modified_gmt":"2024-05-16T12:21:54","slug":"low-iron-glas","status":"publish","type":"page","link":"https:\/\/glasmij.com\/gartenbauglas\/low-iron-glas\/","title":{"rendered":"Low-Iron Glas"},"content":{"rendered":"<p>Low-Iron Gartenbauglas hat eine hohe Lichtdurchl\u00e4ssigkeit. Diese hohe Lichtdurchl\u00e4ssigkeit resultiert aus der geringen Menge an Eisenoxid im Glas. Low-Iron-Glas wird im Gartenbau h\u00e4ufig verwendet, da mehr Licht zu h\u00f6herer Ernte f\u00fchren kann.<\/p>\n<p>In der Gartenbaubranche spricht man von Low-Iron-Glas, wenn die Lichtdurchl\u00e4ssigkeit im sichtbaren Spektrum 91% oder mehr betr\u00e4gt (NEN 2675). Zus\u00e4tzlich zur hohen Lichtdurchl\u00e4ssigkeit im sichtbaren Spektrum hat Low-Iron-Glas auch eine hohe UV-Lichtdurchl\u00e4ssigkeit.<\/p>\n<p>Durch eine Anti-Reflexionsbehandlung kann die Lichtdurchl\u00e4ssigkeit von Low-Iron-Glas weiter erh\u00f6ht werden.<\/p>\n<p>&nbsp;<\/p>\n<p>&nbsp;<\/p>\n","protected":false},"excerpt":{"rendered":"<p>Low-Iron Gartenbauglas hat eine hohe Lichtdurchl\u00e4ssigkeit. Diese hohe Lichtdurchl\u00e4ssigkeit resultiert aus der geringen Menge an &hellip; <a href=\"https:\/\/glasmij.com\/gartenbauglas\/low-iron-glas\/\" class=\"more-link\"><span class=\"screen-reader-text\">\u201eLow-Iron Glas\u201c<\/span> weiterlesen<\/a><\/p>\n","protected":false},"author":1,"featured_media":0,"parent":0,"menu_order":0,"comment_status":"closed","ping_status":"closed","template":"","meta":{"_acf_changed":false,"footnotes":""},"class_list":["post-105","page","type-page","status-publish","hentry"],"acf":[],"yoast_head":"<!-- This site is optimized with the Yoast SEO plugin v25.1 - https:\/\/yoast.com\/wordpress\/plugins\/seo\/ -->\n<title>Low-Iron Glas - Gartenbauglas<\/title>\n<meta name=\"description\" content=\"Low iron (tuinbouw)glas is glas met een hoge lichttransmissie. Deze hoge lichttransmissie is het gevolg van de lage hoeveelheid ijzer oxidatie in het glas. Low iron glas wordt in de tuinbouw veelvuldig toegepast, aangezien meer licht leidt tot meer teeltopbrengst.\" \/>\n<meta name=\"robots\" content=\"index, follow, max-snippet:-1, max-image-preview:large, max-video-preview:-1\" \/>\n<link rel=\"canonical\" href=\"https:\/\/glasmij.com\/gartenbauglas\/low-iron-glas\/\" \/>\n<meta property=\"og:locale\" content=\"de_DE\" \/>\n<meta property=\"og:type\" content=\"article\" \/>\n<meta property=\"og:title\" content=\"Low-Iron Glas - Gartenbauglas\" \/>\n<meta property=\"og:description\" content=\"Low iron (tuinbouw)glas is glas met een hoge lichttransmissie. Deze hoge lichttransmissie is het gevolg van de lage hoeveelheid ijzer oxidatie in het glas. Low iron glas wordt in de tuinbouw veelvuldig toegepast, aangezien meer licht leidt tot meer teeltopbrengst.\" \/>\n<meta property=\"og:url\" content=\"https:\/\/glasmij.com\/gartenbauglas\/low-iron-glas\/\" \/>\n<meta property=\"og:site_name\" content=\"Gartenbauglas\" \/>\n<meta property=\"article:modified_time\" content=\"2024-05-16T12:21:54+00:00\" \/>\n<meta name=\"twitter:card\" content=\"summary_large_image\" \/>\n<meta name=\"twitter:label1\" content=\"Gesch\u00e4tzte Lesezeit\" \/>\n\t<meta name=\"twitter:data1\" content=\"1\u00a0Minute\" \/>\n<script type=\"application\/ld+json\" class=\"yoast-schema-graph\">{\"@context\":\"https:\/\/schema.org\",\"@graph\":[{\"@type\":\"WebPage\",\"@id\":\"https:\/\/glasmij.com\/gartenbauglas\/low-iron-glas\/\",\"url\":\"https:\/\/glasmij.com\/gartenbauglas\/low-iron-glas\/\",\"name\":\"Low-Iron Glas - Gartenbauglas\",\"isPartOf\":{\"@id\":\"https:\/\/glasmij.com\/gartenbauglas\/#website\"},\"datePublished\":\"2016-05-02T14:03:13+00:00\",\"dateModified\":\"2024-05-16T12:21:54+00:00\",\"description\":\"Low iron (tuinbouw)glas is glas met een hoge lichttransmissie. Deze hoge lichttransmissie is het gevolg van de lage hoeveelheid ijzer oxidatie in het glas. Low iron glas wordt in de tuinbouw veelvuldig toegepast, aangezien meer licht leidt tot meer teeltopbrengst.\",\"breadcrumb\":{\"@id\":\"https:\/\/glasmij.com\/gartenbauglas\/low-iron-glas\/#breadcrumb\"},\"inLanguage\":\"de\",\"potentialAction\":[{\"@type\":\"ReadAction\",\"target\":[\"https:\/\/glasmij.com\/gartenbauglas\/low-iron-glas\/\"]}]},{\"@type\":\"BreadcrumbList\",\"@id\":\"https:\/\/glasmij.com\/gartenbauglas\/low-iron-glas\/#breadcrumb\",\"itemListElement\":[{\"@type\":\"ListItem\",\"position\":1,\"name\":\"Home\",\"item\":\"https:\/\/glasmij.com\/gartenbauglas\/\"},{\"@type\":\"ListItem\",\"position\":2,\"name\":\"Low-Iron Glas\"}]},{\"@type\":\"WebSite\",\"@id\":\"https:\/\/glasmij.com\/gartenbauglas\/#website\",\"url\":\"https:\/\/glasmij.com\/gartenbauglas\/\",\"name\":\"Gartenbauglas\",\"description\":\"\",\"potentialAction\":[{\"@type\":\"SearchAction\",\"target\":{\"@type\":\"EntryPoint\",\"urlTemplate\":\"https:\/\/glasmij.com\/gartenbauglas\/?s={search_term_string}\"},\"query-input\":{\"@type\":\"PropertyValueSpecification\",\"valueRequired\":true,\"valueName\":\"search_term_string\"}}],\"inLanguage\":\"de\"}]}<\/script>\n<!-- \/ Yoast SEO plugin. -->","yoast_head_json":{"title":"Low-Iron Glas - Gartenbauglas","description":"Low iron (tuinbouw)glas is glas met een hoge lichttransmissie. Deze hoge lichttransmissie is het gevolg van de lage hoeveelheid ijzer oxidatie in het glas. Low iron glas wordt in de tuinbouw veelvuldig toegepast, aangezien meer licht leidt tot meer teeltopbrengst.","robots":{"index":"index","follow":"follow","max-snippet":"max-snippet:-1","max-image-preview":"max-image-preview:large","max-video-preview":"max-video-preview:-1"},"canonical":"https:\/\/glasmij.com\/gartenbauglas\/low-iron-glas\/","og_locale":"de_DE","og_type":"article","og_title":"Low-Iron Glas - Gartenbauglas","og_description":"Low iron (tuinbouw)glas is glas met een hoge lichttransmissie. Deze hoge lichttransmissie is het gevolg van de lage hoeveelheid ijzer oxidatie in het glas. Low iron glas wordt in de tuinbouw veelvuldig toegepast, aangezien meer licht leidt tot meer teeltopbrengst.","og_url":"https:\/\/glasmij.com\/gartenbauglas\/low-iron-glas\/","og_site_name":"Gartenbauglas","article_modified_time":"2024-05-16T12:21:54+00:00","twitter_card":"summary_large_image","twitter_misc":{"Gesch\u00e4tzte Lesezeit":"1\u00a0Minute"},"schema":{"@context":"https:\/\/schema.org","@graph":[{"@type":"WebPage","@id":"https:\/\/glasmij.com\/gartenbauglas\/low-iron-glas\/","url":"https:\/\/glasmij.com\/gartenbauglas\/low-iron-glas\/","name":"Low-Iron Glas - Gartenbauglas","isPartOf":{"@id":"https:\/\/glasmij.com\/gartenbauglas\/#website"},"datePublished":"2016-05-02T14:03:13+00:00","dateModified":"2024-05-16T12:21:54+00:00","description":"Low iron (tuinbouw)glas is glas met een hoge lichttransmissie. Deze hoge lichttransmissie is het gevolg van de lage hoeveelheid ijzer oxidatie in het glas. Low iron glas wordt in de tuinbouw veelvuldig toegepast, aangezien meer licht leidt tot meer teeltopbrengst.","breadcrumb":{"@id":"https:\/\/glasmij.com\/gartenbauglas\/low-iron-glas\/#breadcrumb"},"inLanguage":"de","potentialAction":[{"@type":"ReadAction","target":["https:\/\/glasmij.com\/gartenbauglas\/low-iron-glas\/"]}]},{"@type":"BreadcrumbList","@id":"https:\/\/glasmij.com\/gartenbauglas\/low-iron-glas\/#breadcrumb","itemListElement":[{"@type":"ListItem","position":1,"name":"Home","item":"https:\/\/glasmij.com\/gartenbauglas\/"},{"@type":"ListItem","position":2,"name":"Low-Iron Glas"}]},{"@type":"WebSite","@id":"https:\/\/glasmij.com\/gartenbauglas\/#website","url":"https:\/\/glasmij.com\/gartenbauglas\/","name":"Gartenbauglas","description":"","potentialAction":[{"@type":"SearchAction","target":{"@type":"EntryPoint","urlTemplate":"https:\/\/glasmij.com\/gartenbauglas\/?s={search_term_string}"},"query-input":{"@type":"PropertyValueSpecification","valueRequired":true,"valueName":"search_term_string"}}],"inLanguage":"de"}]}},"_links":{"self":[{"href":"https:\/\/glasmij.com\/gartenbauglas\/wp-json\/wp\/v2\/pages\/105","targetHints":{"allow":["GET"]}}],"collection":[{"href":"https:\/\/glasmij.com\/gartenbauglas\/wp-json\/wp\/v2\/pages"}],"about":[{"href":"https:\/\/glasmij.com\/gartenbauglas\/wp-json\/wp\/v2\/types\/page"}],"author":[{"embeddable":true,"href":"https:\/\/glasmij.com\/gartenbauglas\/wp-json\/wp\/v2\/users\/1"}],"replies":[{"embeddable":true,"href":"https:\/\/glasmij.com\/gartenbauglas\/wp-json\/wp\/v2\/comments?post=105"}],"version-history":[{"count":28,"href":"https:\/\/glasmij.com\/gartenbauglas\/wp-json\/wp\/v2\/pages\/105\/revisions"}],"predecessor-version":[{"id":2222,"href":"https:\/\/glasmij.com\/gartenbauglas\/wp-json\/wp\/v2\/pages\/105\/revisions\/2222"}],"wp:attachment":[{"href":"https:\/\/glasmij.com\/gartenbauglas\/wp-json\/wp\/v2\/media?parent=105"}],"curies":[{"name":"wp","href":"https:\/\/api.w.org\/{rel}","templated":true}]}}