{"id":1259,"date":"2018-11-11T13:21:42","date_gmt":"2018-11-11T12:21:42","guid":{"rendered":"https:\/\/glasmij.com\/gartenbauglas-new\/?page_id=1259"},"modified":"2025-04-10T15:19:24","modified_gmt":"2025-04-10T13:19:24","slug":"storm-en-hagelschade","status":"publish","type":"page","link":"https:\/\/glasmij.com\/gartenbauglas\/storm-en-hagelschade\/","title":{"rendered":"Sturm und Hagelsch\u00e4den an Gew\u00e4chsh\u00e4usern"},"content":{"rendered":"<p>In der heutigen Zeit treten extreme Wetterbedingungen immer h\u00e4ufiger auf. F\u00fcr G\u00e4rtner bedeutet dies, dass die Bedrohung von Sch\u00e4den am Gew\u00e4chshaus schon lange nicht mehr auf den &#8222;traditionellen&#8220; Herbststurm beschr\u00e4nkt ist. Das ganze Jahr \u00fcber muss man auf einen heftigen Hagelschauer oder andere Naturkatastrophen vorbereitet sein. Als Glaslieferant kann Glasmij Venlo B.V. hierbei eine wichtige Rolle spielen.<\/p>\n<p>Um das Gew\u00e4chshaus reparieren und die Ernte sch\u00fctzen zu k\u00f6nnen, kommt es auf Geschwindigkeit an. Wir verf\u00fcgen \u00fcber ein gro\u00dfes Netzwerk an Lieferanten, sodass wir schnelle Lieferzeiten auch f\u00fcr ESG (geh\u00e4rtetes) Glas erreichen k\u00f6nnen. Auf diese Weise k\u00f6nnen Sch\u00e4den am Gew\u00e4chshaus sehr kurzfristig behoben werden.<\/p>\n<p>Bitte kontaktieren Sie uns bei solchen Notf\u00e4llen \u00fcber <a href=\"mailto:sturmschaden@glasmij.com\">sturmschaden@glasmij.com<\/a> oder unter Tel. +31 (0)77 3262777.<\/p>\n","protected":false},"excerpt":{"rendered":"<p>In der heutigen Zeit treten extreme Wetterbedingungen immer h\u00e4ufiger auf. F\u00fcr G\u00e4rtner bedeutet dies, dass &hellip; <a href=\"https:\/\/glasmij.com\/gartenbauglas\/storm-en-hagelschade\/\" class=\"more-link\"><span class=\"screen-reader-text\">\u201eSturm und Hagelsch\u00e4den an Gew\u00e4chsh\u00e4usern\u201c<\/span> weiterlesen<\/a><\/p>\n","protected":false},"author":2,"featured_media":0,"parent":0,"menu_order":0,"comment_status":"closed","ping_status":"closed","template":"","meta":{"_acf_changed":false,"footnotes":""},"class_list":["post-1259","page","type-page","status-publish","hentry"],"acf":[],"yoast_head":"<!-- This site is optimized with the Yoast SEO plugin v25.1 - https:\/\/yoast.com\/wordpress\/plugins\/seo\/ -->\n<title>Sturm und Hagelsch\u00e4den an Gew\u00e4chsh\u00e4usern - Gartenbauglas<\/title>\n<meta name=\"robots\" content=\"index, follow, max-snippet:-1, max-image-preview:large, max-video-preview:-1\" \/>\n<link rel=\"canonical\" href=\"https:\/\/glasmij.com\/gartenbauglas\/storm-en-hagelschade\/\" \/>\n<meta property=\"og:locale\" content=\"de_DE\" \/>\n<meta property=\"og:type\" content=\"article\" \/>\n<meta property=\"og:title\" content=\"Sturm und Hagelsch\u00e4den an Gew\u00e4chsh\u00e4usern - Gartenbauglas\" \/>\n<meta property=\"og:description\" content=\"In der heutigen Zeit treten extreme Wetterbedingungen immer h\u00e4ufiger auf. F\u00fcr G\u00e4rtner bedeutet dies, dass &hellip; \u201eSturm und Hagelsch\u00e4den an Gew\u00e4chsh\u00e4usern\u201c weiterlesen\" \/>\n<meta property=\"og:url\" content=\"https:\/\/glasmij.com\/gartenbauglas\/storm-en-hagelschade\/\" \/>\n<meta property=\"og:site_name\" content=\"Gartenbauglas\" \/>\n<meta property=\"article:modified_time\" content=\"2025-04-10T13:19:24+00:00\" \/>\n<meta name=\"twitter:card\" content=\"summary_large_image\" \/>\n<meta name=\"twitter:label1\" content=\"Gesch\u00e4tzte Lesezeit\" \/>\n\t<meta name=\"twitter:data1\" content=\"1\u00a0Minute\" \/>\n<script type=\"application\/ld+json\" class=\"yoast-schema-graph\">{\"@context\":\"https:\/\/schema.org\",\"@graph\":[{\"@type\":\"WebPage\",\"@id\":\"https:\/\/glasmij.com\/gartenbauglas\/storm-en-hagelschade\/\",\"url\":\"https:\/\/glasmij.com\/gartenbauglas\/storm-en-hagelschade\/\",\"name\":\"Sturm und Hagelsch\u00e4den an Gew\u00e4chsh\u00e4usern - Gartenbauglas\",\"isPartOf\":{\"@id\":\"https:\/\/glasmij.com\/gartenbauglas\/#website\"},\"datePublished\":\"2018-11-11T12:21:42+00:00\",\"dateModified\":\"2025-04-10T13:19:24+00:00\",\"breadcrumb\":{\"@id\":\"https:\/\/glasmij.com\/gartenbauglas\/storm-en-hagelschade\/#breadcrumb\"},\"inLanguage\":\"de\",\"potentialAction\":[{\"@type\":\"ReadAction\",\"target\":[\"https:\/\/glasmij.com\/gartenbauglas\/storm-en-hagelschade\/\"]}]},{\"@type\":\"BreadcrumbList\",\"@id\":\"https:\/\/glasmij.com\/gartenbauglas\/storm-en-hagelschade\/#breadcrumb\",\"itemListElement\":[{\"@type\":\"ListItem\",\"position\":1,\"name\":\"Home\",\"item\":\"https:\/\/glasmij.com\/gartenbauglas\/\"},{\"@type\":\"ListItem\",\"position\":2,\"name\":\"Sturm und Hagelsch\u00e4den an Gew\u00e4chsh\u00e4usern\"}]},{\"@type\":\"WebSite\",\"@id\":\"https:\/\/glasmij.com\/gartenbauglas\/#website\",\"url\":\"https:\/\/glasmij.com\/gartenbauglas\/\",\"name\":\"Gartenbauglas\",\"description\":\"\",\"potentialAction\":[{\"@type\":\"SearchAction\",\"target\":{\"@type\":\"EntryPoint\",\"urlTemplate\":\"https:\/\/glasmij.com\/gartenbauglas\/?s={search_term_string}\"},\"query-input\":{\"@type\":\"PropertyValueSpecification\",\"valueRequired\":true,\"valueName\":\"search_term_string\"}}],\"inLanguage\":\"de\"}]}<\/script>\n<!-- \/ Yoast SEO plugin. -->","yoast_head_json":{"title":"Sturm und Hagelsch\u00e4den an Gew\u00e4chsh\u00e4usern - Gartenbauglas","robots":{"index":"index","follow":"follow","max-snippet":"max-snippet:-1","max-image-preview":"max-image-preview:large","max-video-preview":"max-video-preview:-1"},"canonical":"https:\/\/glasmij.com\/gartenbauglas\/storm-en-hagelschade\/","og_locale":"de_DE","og_type":"article","og_title":"Sturm und Hagelsch\u00e4den an Gew\u00e4chsh\u00e4usern - Gartenbauglas","og_description":"In der heutigen Zeit treten extreme Wetterbedingungen immer h\u00e4ufiger auf. F\u00fcr G\u00e4rtner bedeutet dies, dass &hellip; \u201eSturm und Hagelsch\u00e4den an Gew\u00e4chsh\u00e4usern\u201c weiterlesen","og_url":"https:\/\/glasmij.com\/gartenbauglas\/storm-en-hagelschade\/","og_site_name":"Gartenbauglas","article_modified_time":"2025-04-10T13:19:24+00:00","twitter_card":"summary_large_image","twitter_misc":{"Gesch\u00e4tzte Lesezeit":"1\u00a0Minute"},"schema":{"@context":"https:\/\/schema.org","@graph":[{"@type":"WebPage","@id":"https:\/\/glasmij.com\/gartenbauglas\/storm-en-hagelschade\/","url":"https:\/\/glasmij.com\/gartenbauglas\/storm-en-hagelschade\/","name":"Sturm und Hagelsch\u00e4den an Gew\u00e4chsh\u00e4usern - Gartenbauglas","isPartOf":{"@id":"https:\/\/glasmij.com\/gartenbauglas\/#website"},"datePublished":"2018-11-11T12:21:42+00:00","dateModified":"2025-04-10T13:19:24+00:00","breadcrumb":{"@id":"https:\/\/glasmij.com\/gartenbauglas\/storm-en-hagelschade\/#breadcrumb"},"inLanguage":"de","potentialAction":[{"@type":"ReadAction","target":["https:\/\/glasmij.com\/gartenbauglas\/storm-en-hagelschade\/"]}]},{"@type":"BreadcrumbList","@id":"https:\/\/glasmij.com\/gartenbauglas\/storm-en-hagelschade\/#breadcrumb","itemListElement":[{"@type":"ListItem","position":1,"name":"Home","item":"https:\/\/glasmij.com\/gartenbauglas\/"},{"@type":"ListItem","position":2,"name":"Sturm und Hagelsch\u00e4den an Gew\u00e4chsh\u00e4usern"}]},{"@type":"WebSite","@id":"https:\/\/glasmij.com\/gartenbauglas\/#website","url":"https:\/\/glasmij.com\/gartenbauglas\/","name":"Gartenbauglas","description":"","potentialAction":[{"@type":"SearchAction","target":{"@type":"EntryPoint","urlTemplate":"https:\/\/glasmij.com\/gartenbauglas\/?s={search_term_string}"},"query-input":{"@type":"PropertyValueSpecification","valueRequired":true,"valueName":"search_term_string"}}],"inLanguage":"de"}]}},"_links":{"self":[{"href":"https:\/\/glasmij.com\/gartenbauglas\/wp-json\/wp\/v2\/pages\/1259","targetHints":{"allow":["GET"]}}],"collection":[{"href":"https:\/\/glasmij.com\/gartenbauglas\/wp-json\/wp\/v2\/pages"}],"about":[{"href":"https:\/\/glasmij.com\/gartenbauglas\/wp-json\/wp\/v2\/types\/page"}],"author":[{"embeddable":true,"href":"https:\/\/glasmij.com\/gartenbauglas\/wp-json\/wp\/v2\/users\/2"}],"replies":[{"embeddable":true,"href":"https:\/\/glasmij.com\/gartenbauglas\/wp-json\/wp\/v2\/comments?post=1259"}],"version-history":[{"count":23,"href":"https:\/\/glasmij.com\/gartenbauglas\/wp-json\/wp\/v2\/pages\/1259\/revisions"}],"predecessor-version":[{"id":2469,"href":"https:\/\/glasmij.com\/gartenbauglas\/wp-json\/wp\/v2\/pages\/1259\/revisions\/2469"}],"wp:attachment":[{"href":"https:\/\/glasmij.com\/gartenbauglas\/wp-json\/wp\/v2\/media?parent=1259"}],"curies":[{"name":"wp","href":"https:\/\/api.w.org\/{rel}","templated":true}]}}