{"id":92,"date":"2016-05-02T15:57:37","date_gmt":"2016-05-02T13:57:37","guid":{"rendered":"http:\/\/glasmij.com\/gartenbauglas-new\/?page_id=92"},"modified":"2024-05-27T10:21:35","modified_gmt":"2024-05-27T08:21:35","slug":"diffuus-glas","status":"publish","type":"page","link":"https:\/\/glasmij.com\/gartenbauglas\/diffuus-glas\/","title":{"rendered":"Diffuses Glas"},"content":{"rendered":"<p>Durch diffuses Glas wird (direktes) einfallendes Sonnenlicht in mehrere Richtungen gestreut. Dadurch wird das Licht gleichm\u00e4\u00dfiger \u00fcber die Bl\u00e4tter verteilt, was zu h\u00f6heren Ernteertr\u00e4gen f\u00fchrt.<\/p>\n<p>Glas kann diffus gemacht werden, indem es chemisch ge\u00e4tzt oder strukturiert wird. Gewalztes Glas wird auch als Strukturglas, Figurglas, geh\u00e4mmertes Glas oder Ornamentglas bezeichnet.<\/p>\n<p>Der Grad der Lichtverteilung durch diffuses Glas wird als &#8222;Hortiscatter&#8220; oder &#8222;Haze&#8220; bezeichnet. Sowohl ge\u00e4tztes diffuses Glas als auch gewalztes Glas sind in verschiedenen Graden der Verstreuung Verteilung erh\u00e4ltlich.<\/p>\n<p>Beide Arten von diffusen Gl\u00e4sern, ge\u00e4tzt und gewalzt, k\u00f6nnen mit einer Anti-Reflexionsbeschichtung versehen werden zur Erh\u00f6hung der Lichtdurchl\u00e4ssigkeit.<\/p>\n<p>&nbsp;<\/p>\n<p>&nbsp;<\/p>\n","protected":false},"excerpt":{"rendered":"<p>Durch diffuses Glas wird (direktes) einfallendes Sonnenlicht in mehrere Richtungen gestreut. Dadurch wird das Licht &hellip; <a href=\"https:\/\/glasmij.com\/gartenbauglas\/diffuus-glas\/\" class=\"more-link\"><span class=\"screen-reader-text\">\u201eDiffuses Glas\u201c<\/span> weiterlesen<\/a><\/p>\n","protected":false},"author":1,"featured_media":0,"parent":0,"menu_order":0,"comment_status":"closed","ping_status":"closed","template":"","meta":{"_acf_changed":false,"footnotes":""},"class_list":["post-92","page","type-page","status-publish","hentry"],"acf":[],"yoast_head":"<!-- This site is optimized with the Yoast SEO plugin v25.1 - https:\/\/yoast.com\/wordpress\/plugins\/seo\/ -->\n<title>Diffuses Glas - Gartenbauglas<\/title>\n<meta name=\"robots\" content=\"index, follow, max-snippet:-1, max-image-preview:large, max-video-preview:-1\" \/>\n<link rel=\"canonical\" href=\"https:\/\/glasmij.com\/gartenbauglas\/diffuus-glas\/\" \/>\n<meta property=\"og:locale\" content=\"de_DE\" \/>\n<meta property=\"og:type\" content=\"article\" \/>\n<meta property=\"og:title\" content=\"Diffuses Glas - Gartenbauglas\" \/>\n<meta property=\"og:description\" content=\"Durch diffuses Glas wird (direktes) einfallendes Sonnenlicht in mehrere Richtungen gestreut. Dadurch wird das Licht &hellip; \u201eDiffuses Glas\u201c weiterlesen\" \/>\n<meta property=\"og:url\" content=\"https:\/\/glasmij.com\/gartenbauglas\/diffuus-glas\/\" \/>\n<meta property=\"og:site_name\" content=\"Gartenbauglas\" \/>\n<meta property=\"article:modified_time\" content=\"2024-05-27T08:21:35+00:00\" \/>\n<meta name=\"twitter:card\" content=\"summary_large_image\" \/>\n<meta name=\"twitter:label1\" content=\"Gesch\u00e4tzte Lesezeit\" \/>\n\t<meta name=\"twitter:data1\" content=\"1\u00a0Minute\" \/>\n<script type=\"application\/ld+json\" class=\"yoast-schema-graph\">{\"@context\":\"https:\/\/schema.org\",\"@graph\":[{\"@type\":\"WebPage\",\"@id\":\"https:\/\/glasmij.com\/gartenbauglas\/diffuus-glas\/\",\"url\":\"https:\/\/glasmij.com\/gartenbauglas\/diffuus-glas\/\",\"name\":\"Diffuses Glas - Gartenbauglas\",\"isPartOf\":{\"@id\":\"https:\/\/glasmij.com\/gartenbauglas\/#website\"},\"datePublished\":\"2016-05-02T13:57:37+00:00\",\"dateModified\":\"2024-05-27T08:21:35+00:00\",\"breadcrumb\":{\"@id\":\"https:\/\/glasmij.com\/gartenbauglas\/diffuus-glas\/#breadcrumb\"},\"inLanguage\":\"de\",\"potentialAction\":[{\"@type\":\"ReadAction\",\"target\":[\"https:\/\/glasmij.com\/gartenbauglas\/diffuus-glas\/\"]}]},{\"@type\":\"BreadcrumbList\",\"@id\":\"https:\/\/glasmij.com\/gartenbauglas\/diffuus-glas\/#breadcrumb\",\"itemListElement\":[{\"@type\":\"ListItem\",\"position\":1,\"name\":\"Home\",\"item\":\"https:\/\/glasmij.com\/gartenbauglas\/\"},{\"@type\":\"ListItem\",\"position\":2,\"name\":\"Diffuses Glas\"}]},{\"@type\":\"WebSite\",\"@id\":\"https:\/\/glasmij.com\/gartenbauglas\/#website\",\"url\":\"https:\/\/glasmij.com\/gartenbauglas\/\",\"name\":\"Gartenbauglas\",\"description\":\"\",\"potentialAction\":[{\"@type\":\"SearchAction\",\"target\":{\"@type\":\"EntryPoint\",\"urlTemplate\":\"https:\/\/glasmij.com\/gartenbauglas\/?s={search_term_string}\"},\"query-input\":{\"@type\":\"PropertyValueSpecification\",\"valueRequired\":true,\"valueName\":\"search_term_string\"}}],\"inLanguage\":\"de\"}]}<\/script>\n<!-- \/ Yoast SEO plugin. -->","yoast_head_json":{"title":"Diffuses Glas - Gartenbauglas","robots":{"index":"index","follow":"follow","max-snippet":"max-snippet:-1","max-image-preview":"max-image-preview:large","max-video-preview":"max-video-preview:-1"},"canonical":"https:\/\/glasmij.com\/gartenbauglas\/diffuus-glas\/","og_locale":"de_DE","og_type":"article","og_title":"Diffuses Glas - Gartenbauglas","og_description":"Durch diffuses Glas wird (direktes) einfallendes Sonnenlicht in mehrere Richtungen gestreut. Dadurch wird das Licht &hellip; \u201eDiffuses Glas\u201c weiterlesen","og_url":"https:\/\/glasmij.com\/gartenbauglas\/diffuus-glas\/","og_site_name":"Gartenbauglas","article_modified_time":"2024-05-27T08:21:35+00:00","twitter_card":"summary_large_image","twitter_misc":{"Gesch\u00e4tzte Lesezeit":"1\u00a0Minute"},"schema":{"@context":"https:\/\/schema.org","@graph":[{"@type":"WebPage","@id":"https:\/\/glasmij.com\/gartenbauglas\/diffuus-glas\/","url":"https:\/\/glasmij.com\/gartenbauglas\/diffuus-glas\/","name":"Diffuses Glas - Gartenbauglas","isPartOf":{"@id":"https:\/\/glasmij.com\/gartenbauglas\/#website"},"datePublished":"2016-05-02T13:57:37+00:00","dateModified":"2024-05-27T08:21:35+00:00","breadcrumb":{"@id":"https:\/\/glasmij.com\/gartenbauglas\/diffuus-glas\/#breadcrumb"},"inLanguage":"de","potentialAction":[{"@type":"ReadAction","target":["https:\/\/glasmij.com\/gartenbauglas\/diffuus-glas\/"]}]},{"@type":"BreadcrumbList","@id":"https:\/\/glasmij.com\/gartenbauglas\/diffuus-glas\/#breadcrumb","itemListElement":[{"@type":"ListItem","position":1,"name":"Home","item":"https:\/\/glasmij.com\/gartenbauglas\/"},{"@type":"ListItem","position":2,"name":"Diffuses Glas"}]},{"@type":"WebSite","@id":"https:\/\/glasmij.com\/gartenbauglas\/#website","url":"https:\/\/glasmij.com\/gartenbauglas\/","name":"Gartenbauglas","description":"","potentialAction":[{"@type":"SearchAction","target":{"@type":"EntryPoint","urlTemplate":"https:\/\/glasmij.com\/gartenbauglas\/?s={search_term_string}"},"query-input":{"@type":"PropertyValueSpecification","valueRequired":true,"valueName":"search_term_string"}}],"inLanguage":"de"}]}},"_links":{"self":[{"href":"https:\/\/glasmij.com\/gartenbauglas\/wp-json\/wp\/v2\/pages\/92","targetHints":{"allow":["GET"]}}],"collection":[{"href":"https:\/\/glasmij.com\/gartenbauglas\/wp-json\/wp\/v2\/pages"}],"about":[{"href":"https:\/\/glasmij.com\/gartenbauglas\/wp-json\/wp\/v2\/types\/page"}],"author":[{"embeddable":true,"href":"https:\/\/glasmij.com\/gartenbauglas\/wp-json\/wp\/v2\/users\/1"}],"replies":[{"embeddable":true,"href":"https:\/\/glasmij.com\/gartenbauglas\/wp-json\/wp\/v2\/comments?post=92"}],"version-history":[{"count":32,"href":"https:\/\/glasmij.com\/gartenbauglas\/wp-json\/wp\/v2\/pages\/92\/revisions"}],"predecessor-version":[{"id":2233,"href":"https:\/\/glasmij.com\/gartenbauglas\/wp-json\/wp\/v2\/pages\/92\/revisions\/2233"}],"wp:attachment":[{"href":"https:\/\/glasmij.com\/gartenbauglas\/wp-json\/wp\/v2\/media?parent=92"}],"curies":[{"name":"wp","href":"https:\/\/api.w.org\/{rel}","templated":true}]}}