{"id":105,"date":"2016-05-02T16:03:13","date_gmt":"2016-05-02T14:03:13","guid":{"rendered":"http:\/\/glasmij.com\/verrehorticole-new2-new\/?page_id=105"},"modified":"2024-09-18T13:32:16","modified_gmt":"2024-09-18T11:32:16","slug":"low-iron-glas","status":"publish","type":"page","link":"https:\/\/glasmij.com\/verrehorticole\/low-iron-glas\/","title":{"rendered":"Verre low iron"},"content":{"rendered":"<p>Le verre low-iron est un verre float a un faible teneur en fer en donnant une clart\u00e9 et et une transmission lumineuse plus \u00e9lev\u00e9e que le verre standard. Le verre low-iron est largement utilis\u00e9 dans l\u2019horticulture, car plus de lumi\u00e8re conduit \u00e0 un rendement de r\u00e9colte plus \u00e9lev\u00e9.<\/p>\n<p>Dans l\u2019horticulture, on parle de verre low-iron lorsque la transmission de la lumi\u00e8re dans le spectre visible est de 91 % (NEN 2675) ou plus. En plus d\u2019une transmission lumineuse \u00e9lev\u00e9e dans le spectre visible, le verre low-iron a \u00e9galement une haute transmission des UV.<\/p>\n<p>Gr\u00e2ce \u00e0 un traitement anti-r\u00e9flexion, la transmission lumineuse du verre low-iron peut \u00eatre encore augment\u00e9e.<\/p>\n<p>&nbsp;<\/p>\n<p>&nbsp;<\/p>\n","protected":false},"excerpt":{"rendered":"<p>Le verre low-iron est un verre float a un faible teneur en fer en donnant &hellip; <a href=\"https:\/\/glasmij.com\/verrehorticole\/low-iron-glas\/\" class=\"more-link\"><span class=\"screen-reader-text\">\u201eVerre low iron\u201c<\/span> weiterlesen<\/a><\/p>\n","protected":false},"author":1,"featured_media":0,"parent":0,"menu_order":0,"comment_status":"closed","ping_status":"closed","template":"","meta":{"_acf_changed":false,"footnotes":""},"class_list":["post-105","page","type-page","status-publish","hentry"],"acf":[],"yoast_head":"<!-- This site is optimized with the Yoast SEO plugin v25.1 - https:\/\/yoast.com\/wordpress\/plugins\/seo\/ -->\n<title>Verre low iron - Verrehorticole NEW<\/title>\n<meta name=\"description\" content=\"Low iron (tuinbouw)glas is glas met een hoge lichttransmissie. Deze hoge lichttransmissie is het gevolg van de lage hoeveelheid ijzer oxidatie in het glas. Low iron glas wordt in de tuinbouw veelvuldig toegepast, aangezien meer licht leidt tot meer teeltopbrengst.\" \/>\n<meta name=\"robots\" content=\"index, follow, max-snippet:-1, max-image-preview:large, max-video-preview:-1\" \/>\n<link rel=\"canonical\" href=\"https:\/\/glasmij.com\/verrehorticole\/low-iron-glas\/\" \/>\n<meta property=\"og:locale\" content=\"de_DE\" \/>\n<meta property=\"og:type\" content=\"article\" \/>\n<meta property=\"og:title\" content=\"Verre low iron - Verrehorticole NEW\" \/>\n<meta property=\"og:description\" content=\"Low iron (tuinbouw)glas is glas met een hoge lichttransmissie. Deze hoge lichttransmissie is het gevolg van de lage hoeveelheid ijzer oxidatie in het glas. Low iron glas wordt in de tuinbouw veelvuldig toegepast, aangezien meer licht leidt tot meer teeltopbrengst.\" \/>\n<meta property=\"og:url\" content=\"https:\/\/glasmij.com\/verrehorticole\/low-iron-glas\/\" \/>\n<meta property=\"og:site_name\" content=\"Verrehorticole NEW\" \/>\n<meta property=\"article:modified_time\" content=\"2024-09-18T11:32:16+00:00\" \/>\n<meta name=\"twitter:card\" content=\"summary_large_image\" \/>\n<meta name=\"twitter:label1\" content=\"Gesch\u00e4tzte Lesezeit\" \/>\n\t<meta name=\"twitter:data1\" content=\"1\u00a0Minute\" \/>\n<script type=\"application\/ld+json\" class=\"yoast-schema-graph\">{\"@context\":\"https:\/\/schema.org\",\"@graph\":[{\"@type\":\"WebPage\",\"@id\":\"https:\/\/glasmij.com\/verrehorticole\/low-iron-glas\/\",\"url\":\"https:\/\/glasmij.com\/verrehorticole\/low-iron-glas\/\",\"name\":\"Verre low iron - Verrehorticole NEW\",\"isPartOf\":{\"@id\":\"https:\/\/glasmij.com\/verrehorticole\/#website\"},\"datePublished\":\"2016-05-02T14:03:13+00:00\",\"dateModified\":\"2024-09-18T11:32:16+00:00\",\"description\":\"Low iron (tuinbouw)glas is glas met een hoge lichttransmissie. Deze hoge lichttransmissie is het gevolg van de lage hoeveelheid ijzer oxidatie in het glas. Low iron glas wordt in de tuinbouw veelvuldig toegepast, aangezien meer licht leidt tot meer teeltopbrengst.\",\"breadcrumb\":{\"@id\":\"https:\/\/glasmij.com\/verrehorticole\/low-iron-glas\/#breadcrumb\"},\"inLanguage\":\"de\",\"potentialAction\":[{\"@type\":\"ReadAction\",\"target\":[\"https:\/\/glasmij.com\/verrehorticole\/low-iron-glas\/\"]}]},{\"@type\":\"BreadcrumbList\",\"@id\":\"https:\/\/glasmij.com\/verrehorticole\/low-iron-glas\/#breadcrumb\",\"itemListElement\":[{\"@type\":\"ListItem\",\"position\":1,\"name\":\"Home\",\"item\":\"https:\/\/glasmij.com\/verrehorticole\/\"},{\"@type\":\"ListItem\",\"position\":2,\"name\":\"Verre low iron\"}]},{\"@type\":\"WebSite\",\"@id\":\"https:\/\/glasmij.com\/verrehorticole\/#website\",\"url\":\"https:\/\/glasmij.com\/verrehorticole\/\",\"name\":\"Verrehorticole NEW\",\"description\":\"\",\"potentialAction\":[{\"@type\":\"SearchAction\",\"target\":{\"@type\":\"EntryPoint\",\"urlTemplate\":\"https:\/\/glasmij.com\/verrehorticole\/?s={search_term_string}\"},\"query-input\":{\"@type\":\"PropertyValueSpecification\",\"valueRequired\":true,\"valueName\":\"search_term_string\"}}],\"inLanguage\":\"de\"}]}<\/script>\n<!-- \/ Yoast SEO plugin. -->","yoast_head_json":{"title":"Verre low iron - Verrehorticole NEW","description":"Low iron (tuinbouw)glas is glas met een hoge lichttransmissie. Deze hoge lichttransmissie is het gevolg van de lage hoeveelheid ijzer oxidatie in het glas. Low iron glas wordt in de tuinbouw veelvuldig toegepast, aangezien meer licht leidt tot meer teeltopbrengst.","robots":{"index":"index","follow":"follow","max-snippet":"max-snippet:-1","max-image-preview":"max-image-preview:large","max-video-preview":"max-video-preview:-1"},"canonical":"https:\/\/glasmij.com\/verrehorticole\/low-iron-glas\/","og_locale":"de_DE","og_type":"article","og_title":"Verre low iron - Verrehorticole NEW","og_description":"Low iron (tuinbouw)glas is glas met een hoge lichttransmissie. Deze hoge lichttransmissie is het gevolg van de lage hoeveelheid ijzer oxidatie in het glas. Low iron glas wordt in de tuinbouw veelvuldig toegepast, aangezien meer licht leidt tot meer teeltopbrengst.","og_url":"https:\/\/glasmij.com\/verrehorticole\/low-iron-glas\/","og_site_name":"Verrehorticole NEW","article_modified_time":"2024-09-18T11:32:16+00:00","twitter_card":"summary_large_image","twitter_misc":{"Gesch\u00e4tzte Lesezeit":"1\u00a0Minute"},"schema":{"@context":"https:\/\/schema.org","@graph":[{"@type":"WebPage","@id":"https:\/\/glasmij.com\/verrehorticole\/low-iron-glas\/","url":"https:\/\/glasmij.com\/verrehorticole\/low-iron-glas\/","name":"Verre low iron - Verrehorticole NEW","isPartOf":{"@id":"https:\/\/glasmij.com\/verrehorticole\/#website"},"datePublished":"2016-05-02T14:03:13+00:00","dateModified":"2024-09-18T11:32:16+00:00","description":"Low iron (tuinbouw)glas is glas met een hoge lichttransmissie. Deze hoge lichttransmissie is het gevolg van de lage hoeveelheid ijzer oxidatie in het glas. Low iron glas wordt in de tuinbouw veelvuldig toegepast, aangezien meer licht leidt tot meer teeltopbrengst.","breadcrumb":{"@id":"https:\/\/glasmij.com\/verrehorticole\/low-iron-glas\/#breadcrumb"},"inLanguage":"de","potentialAction":[{"@type":"ReadAction","target":["https:\/\/glasmij.com\/verrehorticole\/low-iron-glas\/"]}]},{"@type":"BreadcrumbList","@id":"https:\/\/glasmij.com\/verrehorticole\/low-iron-glas\/#breadcrumb","itemListElement":[{"@type":"ListItem","position":1,"name":"Home","item":"https:\/\/glasmij.com\/verrehorticole\/"},{"@type":"ListItem","position":2,"name":"Verre low iron"}]},{"@type":"WebSite","@id":"https:\/\/glasmij.com\/verrehorticole\/#website","url":"https:\/\/glasmij.com\/verrehorticole\/","name":"Verrehorticole NEW","description":"","potentialAction":[{"@type":"SearchAction","target":{"@type":"EntryPoint","urlTemplate":"https:\/\/glasmij.com\/verrehorticole\/?s={search_term_string}"},"query-input":{"@type":"PropertyValueSpecification","valueRequired":true,"valueName":"search_term_string"}}],"inLanguage":"de"}]}},"_links":{"self":[{"href":"https:\/\/glasmij.com\/verrehorticole\/wp-json\/wp\/v2\/pages\/105","targetHints":{"allow":["GET"]}}],"collection":[{"href":"https:\/\/glasmij.com\/verrehorticole\/wp-json\/wp\/v2\/pages"}],"about":[{"href":"https:\/\/glasmij.com\/verrehorticole\/wp-json\/wp\/v2\/types\/page"}],"author":[{"embeddable":true,"href":"https:\/\/glasmij.com\/verrehorticole\/wp-json\/wp\/v2\/users\/1"}],"replies":[{"embeddable":true,"href":"https:\/\/glasmij.com\/verrehorticole\/wp-json\/wp\/v2\/comments?post=105"}],"version-history":[{"count":29,"href":"https:\/\/glasmij.com\/verrehorticole\/wp-json\/wp\/v2\/pages\/105\/revisions"}],"predecessor-version":[{"id":2303,"href":"https:\/\/glasmij.com\/verrehorticole\/wp-json\/wp\/v2\/pages\/105\/revisions\/2303"}],"wp:attachment":[{"href":"https:\/\/glasmij.com\/verrehorticole\/wp-json\/wp\/v2\/media?parent=105"}],"curies":[{"name":"wp","href":"https:\/\/api.w.org\/{rel}","templated":true}]}}