{"id":1259,"date":"2018-11-11T13:21:42","date_gmt":"2018-11-11T12:21:42","guid":{"rendered":"https:\/\/glasmij.com\/verrehorticole-new2-new\/?page_id=1259"},"modified":"2025-04-10T15:21:21","modified_gmt":"2025-04-10T13:21:21","slug":"storm-en-hagelschade","status":"publish","type":"page","link":"https:\/\/glasmij.com\/verrehorticole\/storm-en-hagelschade\/","title":{"rendered":"D\u00e9g\u00e2ts d&#8217;intemp\u00e9ries aux serres"},"content":{"rendered":"<p>Apr\u00e8s une temp\u00eate, de la gr\u00eale ou d&#8217;autres calamit\u00e9s, il est important de r\u00e9parer rapidement et de prot\u00e9ger la r\u00e9colte. Nous entretenons des contacts \u00e9troits avec un vaste r\u00e9seau de fournisseurs. Vous pouvez compter sur un service rapide.<\/p>\n<p>En cas de dommages, nous pouvons fournir du verre (tremp\u00e9) tr\u00e8s rapidement. Pour des livraisons urgentes, envoyez un e-mail \u00e0 <a href=\"mailto:dommages@glasmij.com\">dommages@glasmij.com<\/a> ou appelez t\u00e9l. +31 (0)77 3262777.<\/p>\n","protected":false},"excerpt":{"rendered":"<p>Apr\u00e8s une temp\u00eate, de la gr\u00eale ou d&#8217;autres calamit\u00e9s, il est important de r\u00e9parer rapidement &hellip; <a href=\"https:\/\/glasmij.com\/verrehorticole\/storm-en-hagelschade\/\" class=\"more-link\"><span class=\"screen-reader-text\">\u201eD\u00e9g\u00e2ts d&#8217;intemp\u00e9ries aux serres\u201c<\/span> weiterlesen<\/a><\/p>\n","protected":false},"author":2,"featured_media":0,"parent":0,"menu_order":0,"comment_status":"closed","ping_status":"closed","template":"","meta":{"_acf_changed":false,"footnotes":""},"class_list":["post-1259","page","type-page","status-publish","hentry"],"acf":[],"yoast_head":"<!-- This site is optimized with the Yoast SEO plugin v25.1 - https:\/\/yoast.com\/wordpress\/plugins\/seo\/ -->\n<title>D\u00e9g\u00e2ts d&#039;intemp\u00e9ries aux serres - Verrehorticole NEW<\/title>\n<meta name=\"robots\" content=\"index, follow, max-snippet:-1, max-image-preview:large, max-video-preview:-1\" \/>\n<link rel=\"canonical\" href=\"https:\/\/glasmij.com\/verrehorticole\/storm-en-hagelschade\/\" \/>\n<meta property=\"og:locale\" content=\"de_DE\" \/>\n<meta property=\"og:type\" content=\"article\" \/>\n<meta property=\"og:title\" content=\"D\u00e9g\u00e2ts d&#039;intemp\u00e9ries aux serres - Verrehorticole NEW\" \/>\n<meta property=\"og:description\" content=\"Apr\u00e8s une temp\u00eate, de la gr\u00eale ou d&#8217;autres calamit\u00e9s, il est important de r\u00e9parer rapidement &hellip; \u201eD\u00e9g\u00e2ts d&#8217;intemp\u00e9ries aux serres\u201c weiterlesen\" \/>\n<meta property=\"og:url\" content=\"https:\/\/glasmij.com\/verrehorticole\/storm-en-hagelschade\/\" \/>\n<meta property=\"og:site_name\" content=\"Verrehorticole NEW\" \/>\n<meta property=\"article:modified_time\" content=\"2025-04-10T13:21:21+00:00\" \/>\n<meta name=\"twitter:card\" content=\"summary_large_image\" \/>\n<meta name=\"twitter:label1\" content=\"Gesch\u00e4tzte Lesezeit\" \/>\n\t<meta name=\"twitter:data1\" content=\"1\u00a0Minute\" \/>\n<script type=\"application\/ld+json\" class=\"yoast-schema-graph\">{\"@context\":\"https:\/\/schema.org\",\"@graph\":[{\"@type\":\"WebPage\",\"@id\":\"https:\/\/glasmij.com\/verrehorticole\/storm-en-hagelschade\/\",\"url\":\"https:\/\/glasmij.com\/verrehorticole\/storm-en-hagelschade\/\",\"name\":\"D\u00e9g\u00e2ts d'intemp\u00e9ries aux serres - Verrehorticole NEW\",\"isPartOf\":{\"@id\":\"https:\/\/glasmij.com\/verrehorticole\/#website\"},\"datePublished\":\"2018-11-11T12:21:42+00:00\",\"dateModified\":\"2025-04-10T13:21:21+00:00\",\"breadcrumb\":{\"@id\":\"https:\/\/glasmij.com\/verrehorticole\/storm-en-hagelschade\/#breadcrumb\"},\"inLanguage\":\"de\",\"potentialAction\":[{\"@type\":\"ReadAction\",\"target\":[\"https:\/\/glasmij.com\/verrehorticole\/storm-en-hagelschade\/\"]}]},{\"@type\":\"BreadcrumbList\",\"@id\":\"https:\/\/glasmij.com\/verrehorticole\/storm-en-hagelschade\/#breadcrumb\",\"itemListElement\":[{\"@type\":\"ListItem\",\"position\":1,\"name\":\"Home\",\"item\":\"https:\/\/glasmij.com\/verrehorticole\/\"},{\"@type\":\"ListItem\",\"position\":2,\"name\":\"D\u00e9g\u00e2ts d&#8217;intemp\u00e9ries aux serres\"}]},{\"@type\":\"WebSite\",\"@id\":\"https:\/\/glasmij.com\/verrehorticole\/#website\",\"url\":\"https:\/\/glasmij.com\/verrehorticole\/\",\"name\":\"Verrehorticole NEW\",\"description\":\"\",\"potentialAction\":[{\"@type\":\"SearchAction\",\"target\":{\"@type\":\"EntryPoint\",\"urlTemplate\":\"https:\/\/glasmij.com\/verrehorticole\/?s={search_term_string}\"},\"query-input\":{\"@type\":\"PropertyValueSpecification\",\"valueRequired\":true,\"valueName\":\"search_term_string\"}}],\"inLanguage\":\"de\"}]}<\/script>\n<!-- \/ Yoast SEO plugin. -->","yoast_head_json":{"title":"D\u00e9g\u00e2ts d'intemp\u00e9ries aux serres - Verrehorticole NEW","robots":{"index":"index","follow":"follow","max-snippet":"max-snippet:-1","max-image-preview":"max-image-preview:large","max-video-preview":"max-video-preview:-1"},"canonical":"https:\/\/glasmij.com\/verrehorticole\/storm-en-hagelschade\/","og_locale":"de_DE","og_type":"article","og_title":"D\u00e9g\u00e2ts d'intemp\u00e9ries aux serres - Verrehorticole NEW","og_description":"Apr\u00e8s une temp\u00eate, de la gr\u00eale ou d&#8217;autres calamit\u00e9s, il est important de r\u00e9parer rapidement &hellip; \u201eD\u00e9g\u00e2ts d&#8217;intemp\u00e9ries aux serres\u201c weiterlesen","og_url":"https:\/\/glasmij.com\/verrehorticole\/storm-en-hagelschade\/","og_site_name":"Verrehorticole NEW","article_modified_time":"2025-04-10T13:21:21+00:00","twitter_card":"summary_large_image","twitter_misc":{"Gesch\u00e4tzte Lesezeit":"1\u00a0Minute"},"schema":{"@context":"https:\/\/schema.org","@graph":[{"@type":"WebPage","@id":"https:\/\/glasmij.com\/verrehorticole\/storm-en-hagelschade\/","url":"https:\/\/glasmij.com\/verrehorticole\/storm-en-hagelschade\/","name":"D\u00e9g\u00e2ts d'intemp\u00e9ries aux serres - Verrehorticole NEW","isPartOf":{"@id":"https:\/\/glasmij.com\/verrehorticole\/#website"},"datePublished":"2018-11-11T12:21:42+00:00","dateModified":"2025-04-10T13:21:21+00:00","breadcrumb":{"@id":"https:\/\/glasmij.com\/verrehorticole\/storm-en-hagelschade\/#breadcrumb"},"inLanguage":"de","potentialAction":[{"@type":"ReadAction","target":["https:\/\/glasmij.com\/verrehorticole\/storm-en-hagelschade\/"]}]},{"@type":"BreadcrumbList","@id":"https:\/\/glasmij.com\/verrehorticole\/storm-en-hagelschade\/#breadcrumb","itemListElement":[{"@type":"ListItem","position":1,"name":"Home","item":"https:\/\/glasmij.com\/verrehorticole\/"},{"@type":"ListItem","position":2,"name":"D\u00e9g\u00e2ts d&#8217;intemp\u00e9ries aux serres"}]},{"@type":"WebSite","@id":"https:\/\/glasmij.com\/verrehorticole\/#website","url":"https:\/\/glasmij.com\/verrehorticole\/","name":"Verrehorticole NEW","description":"","potentialAction":[{"@type":"SearchAction","target":{"@type":"EntryPoint","urlTemplate":"https:\/\/glasmij.com\/verrehorticole\/?s={search_term_string}"},"query-input":{"@type":"PropertyValueSpecification","valueRequired":true,"valueName":"search_term_string"}}],"inLanguage":"de"}]}},"_links":{"self":[{"href":"https:\/\/glasmij.com\/verrehorticole\/wp-json\/wp\/v2\/pages\/1259","targetHints":{"allow":["GET"]}}],"collection":[{"href":"https:\/\/glasmij.com\/verrehorticole\/wp-json\/wp\/v2\/pages"}],"about":[{"href":"https:\/\/glasmij.com\/verrehorticole\/wp-json\/wp\/v2\/types\/page"}],"author":[{"embeddable":true,"href":"https:\/\/glasmij.com\/verrehorticole\/wp-json\/wp\/v2\/users\/2"}],"replies":[{"embeddable":true,"href":"https:\/\/glasmij.com\/verrehorticole\/wp-json\/wp\/v2\/comments?post=1259"}],"version-history":[{"count":26,"href":"https:\/\/glasmij.com\/verrehorticole\/wp-json\/wp\/v2\/pages\/1259\/revisions"}],"predecessor-version":[{"id":2492,"href":"https:\/\/glasmij.com\/verrehorticole\/wp-json\/wp\/v2\/pages\/1259\/revisions\/2492"}],"wp:attachment":[{"href":"https:\/\/glasmij.com\/verrehorticole\/wp-json\/wp\/v2\/media?parent=1259"}],"curies":[{"name":"wp","href":"https:\/\/api.w.org\/{rel}","templated":true}]}}