{"id":2,"date":"2016-03-27T14:13:59","date_gmt":"2016-03-27T12:13:59","guid":{"rendered":"http:\/\/glasmij.com\/verrehorticole-new2-new\/?page_id=2"},"modified":"2024-09-19T16:33:52","modified_gmt":"2024-09-19T14:33:52","slug":"home","status":"publish","type":"page","link":"https:\/\/glasmij.com\/verrehorticole\/","title":{"rendered":"Glasmij &#8211; Tuinbouwglas &#8211; Horticultural glass &#8211; Gartenbauglas &#8211; Verre horticole"},"content":{"rendered":"<div class=\"su-row\"><div class=\"su-column su-column-size-1-2\"><div class=\"su-column-inner su-u-clearfix su-u-trim\">\n<h1>Glasmij | Verre horticole<\/h1>\n<p>Glasmij Venlo B.V. est un fournisseur de verre horticole depuis des d\u00e9cennies. Que ce soit pour de grands projets ou des caisses individuelles, nous r\u00e9pondons \u00e0 tous les besoins.<\/p>\n<p>La connaissance du verre seule ne suffit pas. Il est tout aussi important de comprendre le fonctionnement du monde horticole. De plus, le savoir-faire logistique est un atout. L\u2019expertise dans ces domaines est pour nous une \u00e9vidence.<\/p>\n<\/div><\/div>\n<div class=\"su-column su-column-size-1-2\"><div class=\"su-column-inner su-u-clearfix su-u-trim\">\n<h1><\/h1>\n<p>&nbsp;<\/p>\n<p>Gr\u00e2ce \u00e0 notre exp\u00e9rience internationale, nous servons nos clients dans le monde entier. Avec un service de haute qualit\u00e9 et des prix responsables.<\/p>\n<p>Apr\u00e8s des temp\u00eates, de la gr\u00eale ou d&#8217;autres catastrophes, il est urgent de livrer du verre pour les r\u00e9parations. Gr\u00e2ce \u00e0 notre vaste r\u00e9seau de fournisseurs, nous sommes en mesure de livrer rapidement du verre (tremp\u00e9). En cas d&#8217;urgence, envoyez un e-mail \u00e0 <a href=\"mailto:dommages@glasmij.com\">dommages@glasmij.com<\/a> ou appelez nous t\u00e9l. +31 (0)77 3262777.<\/p>\n<p>&nbsp;<\/p>\n<\/div><\/div>\n<\/div>\n<p>&nbsp;<\/p>\n","protected":false},"excerpt":{"rendered":"<p>&nbsp;<\/p>\n","protected":false},"author":1,"featured_media":0,"parent":0,"menu_order":0,"comment_status":"closed","ping_status":"open","template":"","meta":{"_acf_changed":false,"footnotes":""},"class_list":["post-2","page","type-page","status-publish","hentry"],"acf":[],"yoast_head":"<!-- This site is optimized with the Yoast SEO plugin v25.1 - https:\/\/yoast.com\/wordpress\/plugins\/seo\/ -->\n<title>Glasmij - Tuinbouwglas - Horticultural glass - Gartenbauglas - Verre horticole - Verrehorticole NEW<\/title>\n<meta name=\"description\" content=\"Glasmij Venlo B.V. heeft voor tuinbouwglas gedurende vele decennia een mondiaal netwerk van glasleveranciers opgebouwd.\" \/>\n<meta name=\"robots\" content=\"index, follow, max-snippet:-1, max-image-preview:large, max-video-preview:-1\" \/>\n<link rel=\"canonical\" href=\"https:\/\/glasmij.com\/verrehorticole\/\" \/>\n<meta property=\"og:locale\" content=\"de_DE\" \/>\n<meta property=\"og:type\" content=\"article\" \/>\n<meta property=\"og:title\" content=\"Glasmij - Tuinbouwglas - Horticultural glass - Gartenbauglas - Verre horticole - Verrehorticole NEW\" \/>\n<meta property=\"og:description\" content=\"Glasmij Venlo B.V. heeft voor tuinbouwglas gedurende vele decennia een mondiaal netwerk van glasleveranciers opgebouwd.\" \/>\n<meta property=\"og:url\" content=\"https:\/\/glasmij.com\/verrehorticole\/\" \/>\n<meta property=\"og:site_name\" content=\"Verrehorticole NEW\" \/>\n<meta property=\"article:modified_time\" content=\"2024-09-19T14:33:52+00:00\" \/>\n<meta name=\"twitter:card\" content=\"summary_large_image\" \/>\n<meta name=\"twitter:label1\" content=\"Gesch\u00e4tzte Lesezeit\" \/>\n\t<meta name=\"twitter:data1\" content=\"1\u00a0Minute\" \/>\n<script type=\"application\/ld+json\" class=\"yoast-schema-graph\">{\"@context\":\"https:\/\/schema.org\",\"@graph\":[{\"@type\":\"WebPage\",\"@id\":\"https:\/\/glasmij.com\/verrehorticole\/\",\"url\":\"https:\/\/glasmij.com\/verrehorticole\/\",\"name\":\"Glasmij - Tuinbouwglas - Horticultural glass - Gartenbauglas - Verre horticole - Verrehorticole NEW\",\"isPartOf\":{\"@id\":\"https:\/\/glasmij.com\/verrehorticole\/#website\"},\"datePublished\":\"2016-03-27T12:13:59+00:00\",\"dateModified\":\"2024-09-19T14:33:52+00:00\",\"description\":\"Glasmij Venlo B.V. heeft voor tuinbouwglas gedurende vele decennia een mondiaal netwerk van glasleveranciers opgebouwd.\",\"breadcrumb\":{\"@id\":\"https:\/\/glasmij.com\/verrehorticole\/#breadcrumb\"},\"inLanguage\":\"de\",\"potentialAction\":[{\"@type\":\"ReadAction\",\"target\":[\"https:\/\/glasmij.com\/verrehorticole\/\"]}]},{\"@type\":\"BreadcrumbList\",\"@id\":\"https:\/\/glasmij.com\/verrehorticole\/#breadcrumb\",\"itemListElement\":[{\"@type\":\"ListItem\",\"position\":1,\"name\":\"Home\",\"item\":\"https:\/\/glasmij.com\/verrehorticole\/\"},{\"@type\":\"ListItem\",\"position\":2,\"name\":\"Glasmij &#8211; Tuinbouwglas &#8211; Horticultural glass &#8211; Gartenbauglas &#8211; Verre horticole\"}]},{\"@type\":\"WebSite\",\"@id\":\"https:\/\/glasmij.com\/verrehorticole\/#website\",\"url\":\"https:\/\/glasmij.com\/verrehorticole\/\",\"name\":\"Verrehorticole NEW\",\"description\":\"\",\"potentialAction\":[{\"@type\":\"SearchAction\",\"target\":{\"@type\":\"EntryPoint\",\"urlTemplate\":\"https:\/\/glasmij.com\/verrehorticole\/?s={search_term_string}\"},\"query-input\":{\"@type\":\"PropertyValueSpecification\",\"valueRequired\":true,\"valueName\":\"search_term_string\"}}],\"inLanguage\":\"de\"}]}<\/script>\n<!-- \/ Yoast SEO plugin. -->","yoast_head_json":{"title":"Glasmij - Tuinbouwglas - Horticultural glass - Gartenbauglas - Verre horticole - Verrehorticole NEW","description":"Glasmij Venlo B.V. heeft voor tuinbouwglas gedurende vele decennia een mondiaal netwerk van glasleveranciers opgebouwd.","robots":{"index":"index","follow":"follow","max-snippet":"max-snippet:-1","max-image-preview":"max-image-preview:large","max-video-preview":"max-video-preview:-1"},"canonical":"https:\/\/glasmij.com\/verrehorticole\/","og_locale":"de_DE","og_type":"article","og_title":"Glasmij - Tuinbouwglas - Horticultural glass - Gartenbauglas - Verre horticole - Verrehorticole NEW","og_description":"Glasmij Venlo B.V. heeft voor tuinbouwglas gedurende vele decennia een mondiaal netwerk van glasleveranciers opgebouwd.","og_url":"https:\/\/glasmij.com\/verrehorticole\/","og_site_name":"Verrehorticole NEW","article_modified_time":"2024-09-19T14:33:52+00:00","twitter_card":"summary_large_image","twitter_misc":{"Gesch\u00e4tzte Lesezeit":"1\u00a0Minute"},"schema":{"@context":"https:\/\/schema.org","@graph":[{"@type":"WebPage","@id":"https:\/\/glasmij.com\/verrehorticole\/","url":"https:\/\/glasmij.com\/verrehorticole\/","name":"Glasmij - Tuinbouwglas - Horticultural glass - Gartenbauglas - Verre horticole - Verrehorticole NEW","isPartOf":{"@id":"https:\/\/glasmij.com\/verrehorticole\/#website"},"datePublished":"2016-03-27T12:13:59+00:00","dateModified":"2024-09-19T14:33:52+00:00","description":"Glasmij Venlo B.V. heeft voor tuinbouwglas gedurende vele decennia een mondiaal netwerk van glasleveranciers opgebouwd.","breadcrumb":{"@id":"https:\/\/glasmij.com\/verrehorticole\/#breadcrumb"},"inLanguage":"de","potentialAction":[{"@type":"ReadAction","target":["https:\/\/glasmij.com\/verrehorticole\/"]}]},{"@type":"BreadcrumbList","@id":"https:\/\/glasmij.com\/verrehorticole\/#breadcrumb","itemListElement":[{"@type":"ListItem","position":1,"name":"Home","item":"https:\/\/glasmij.com\/verrehorticole\/"},{"@type":"ListItem","position":2,"name":"Glasmij &#8211; Tuinbouwglas &#8211; Horticultural glass &#8211; Gartenbauglas &#8211; Verre horticole"}]},{"@type":"WebSite","@id":"https:\/\/glasmij.com\/verrehorticole\/#website","url":"https:\/\/glasmij.com\/verrehorticole\/","name":"Verrehorticole NEW","description":"","potentialAction":[{"@type":"SearchAction","target":{"@type":"EntryPoint","urlTemplate":"https:\/\/glasmij.com\/verrehorticole\/?s={search_term_string}"},"query-input":{"@type":"PropertyValueSpecification","valueRequired":true,"valueName":"search_term_string"}}],"inLanguage":"de"}]}},"_links":{"self":[{"href":"https:\/\/glasmij.com\/verrehorticole\/wp-json\/wp\/v2\/pages\/2","targetHints":{"allow":["GET"]}}],"collection":[{"href":"https:\/\/glasmij.com\/verrehorticole\/wp-json\/wp\/v2\/pages"}],"about":[{"href":"https:\/\/glasmij.com\/verrehorticole\/wp-json\/wp\/v2\/types\/page"}],"author":[{"embeddable":true,"href":"https:\/\/glasmij.com\/verrehorticole\/wp-json\/wp\/v2\/users\/1"}],"replies":[{"embeddable":true,"href":"https:\/\/glasmij.com\/verrehorticole\/wp-json\/wp\/v2\/comments?post=2"}],"version-history":[{"count":93,"href":"https:\/\/glasmij.com\/verrehorticole\/wp-json\/wp\/v2\/pages\/2\/revisions"}],"predecessor-version":[{"id":2385,"href":"https:\/\/glasmij.com\/verrehorticole\/wp-json\/wp\/v2\/pages\/2\/revisions\/2385"}],"wp:attachment":[{"href":"https:\/\/glasmij.com\/verrehorticole\/wp-json\/wp\/v2\/media?parent=2"}],"curies":[{"name":"wp","href":"https:\/\/api.w.org\/{rel}","templated":true}]}}