{"id":2010,"date":"2023-06-21T16:02:08","date_gmt":"2023-06-21T14:02:08","guid":{"rendered":"https:\/\/glasmij.com\/verrehorticole-new2-new\/?page_id=2010"},"modified":"2024-09-18T13:31:00","modified_gmt":"2024-09-18T11:31:00","slug":"gehard-glas","status":"publish","type":"page","link":"https:\/\/glasmij.com\/verrehorticole\/gehard-glas\/","title":{"rendered":"Verre tremp\u00e9"},"content":{"rendered":"<p>Le verre float de base d\u00e9coup\u00e9 sur mesure est chauff\u00e9 dans un four \u00e0 environ 600\u00b0C \u00e0 700\u00b0C, puis refroidi tr\u00e8s rapidement mais control\u00e9. Le verre tremp\u00e9 est environ 5 fois plus r\u00e9sistant que le verre float. En cas de rupture, il se fragmente en petits morceaux, r\u00e9duisant ainsi le risque de blessure.<\/p>\n<p>Le verre tremp\u00e9 est conforme \u00e0 la norme EN 12150.<\/p>\n","protected":false},"excerpt":{"rendered":"<p>Le verre float de base d\u00e9coup\u00e9 sur mesure est chauff\u00e9 dans un four \u00e0 environ &hellip; <a href=\"https:\/\/glasmij.com\/verrehorticole\/gehard-glas\/\" class=\"more-link\"><span class=\"screen-reader-text\">\u201eVerre tremp\u00e9\u201c<\/span> weiterlesen<\/a><\/p>\n","protected":false},"author":6,"featured_media":0,"parent":0,"menu_order":0,"comment_status":"closed","ping_status":"closed","template":"","meta":{"_acf_changed":false,"footnotes":""},"class_list":["post-2010","page","type-page","status-publish","hentry"],"acf":[],"yoast_head":"<!-- This site is optimized with the Yoast SEO plugin v25.1 - https:\/\/yoast.com\/wordpress\/plugins\/seo\/ -->\n<title>Verre tremp\u00e9 - Verrehorticole NEW<\/title>\n<meta name=\"robots\" content=\"index, follow, max-snippet:-1, max-image-preview:large, max-video-preview:-1\" \/>\n<link rel=\"canonical\" href=\"https:\/\/glasmij.com\/verrehorticole\/gehard-glas\/\" \/>\n<meta property=\"og:locale\" content=\"de_DE\" \/>\n<meta property=\"og:type\" content=\"article\" \/>\n<meta property=\"og:title\" content=\"Verre tremp\u00e9 - Verrehorticole NEW\" \/>\n<meta property=\"og:description\" content=\"Le verre float de base d\u00e9coup\u00e9 sur mesure est chauff\u00e9 dans un four \u00e0 environ &hellip; \u201eVerre tremp\u00e9\u201c weiterlesen\" \/>\n<meta property=\"og:url\" content=\"https:\/\/glasmij.com\/verrehorticole\/gehard-glas\/\" \/>\n<meta property=\"og:site_name\" content=\"Verrehorticole NEW\" \/>\n<meta property=\"article:modified_time\" content=\"2024-09-18T11:31:00+00:00\" \/>\n<meta name=\"twitter:card\" content=\"summary_large_image\" \/>\n<meta name=\"twitter:label1\" content=\"Gesch\u00e4tzte Lesezeit\" \/>\n\t<meta name=\"twitter:data1\" content=\"1\u00a0Minute\" \/>\n<script type=\"application\/ld+json\" class=\"yoast-schema-graph\">{\"@context\":\"https:\/\/schema.org\",\"@graph\":[{\"@type\":\"WebPage\",\"@id\":\"https:\/\/glasmij.com\/verrehorticole\/gehard-glas\/\",\"url\":\"https:\/\/glasmij.com\/verrehorticole\/gehard-glas\/\",\"name\":\"Verre tremp\u00e9 - Verrehorticole NEW\",\"isPartOf\":{\"@id\":\"https:\/\/glasmij.com\/verrehorticole\/#website\"},\"datePublished\":\"2023-06-21T14:02:08+00:00\",\"dateModified\":\"2024-09-18T11:31:00+00:00\",\"breadcrumb\":{\"@id\":\"https:\/\/glasmij.com\/verrehorticole\/gehard-glas\/#breadcrumb\"},\"inLanguage\":\"de\",\"potentialAction\":[{\"@type\":\"ReadAction\",\"target\":[\"https:\/\/glasmij.com\/verrehorticole\/gehard-glas\/\"]}]},{\"@type\":\"BreadcrumbList\",\"@id\":\"https:\/\/glasmij.com\/verrehorticole\/gehard-glas\/#breadcrumb\",\"itemListElement\":[{\"@type\":\"ListItem\",\"position\":1,\"name\":\"Home\",\"item\":\"https:\/\/glasmij.com\/verrehorticole\/\"},{\"@type\":\"ListItem\",\"position\":2,\"name\":\"Verre tremp\u00e9\"}]},{\"@type\":\"WebSite\",\"@id\":\"https:\/\/glasmij.com\/verrehorticole\/#website\",\"url\":\"https:\/\/glasmij.com\/verrehorticole\/\",\"name\":\"Verrehorticole NEW\",\"description\":\"\",\"potentialAction\":[{\"@type\":\"SearchAction\",\"target\":{\"@type\":\"EntryPoint\",\"urlTemplate\":\"https:\/\/glasmij.com\/verrehorticole\/?s={search_term_string}\"},\"query-input\":{\"@type\":\"PropertyValueSpecification\",\"valueRequired\":true,\"valueName\":\"search_term_string\"}}],\"inLanguage\":\"de\"}]}<\/script>\n<!-- \/ Yoast SEO plugin. -->","yoast_head_json":{"title":"Verre tremp\u00e9 - Verrehorticole NEW","robots":{"index":"index","follow":"follow","max-snippet":"max-snippet:-1","max-image-preview":"max-image-preview:large","max-video-preview":"max-video-preview:-1"},"canonical":"https:\/\/glasmij.com\/verrehorticole\/gehard-glas\/","og_locale":"de_DE","og_type":"article","og_title":"Verre tremp\u00e9 - Verrehorticole NEW","og_description":"Le verre float de base d\u00e9coup\u00e9 sur mesure est chauff\u00e9 dans un four \u00e0 environ &hellip; \u201eVerre tremp\u00e9\u201c weiterlesen","og_url":"https:\/\/glasmij.com\/verrehorticole\/gehard-glas\/","og_site_name":"Verrehorticole NEW","article_modified_time":"2024-09-18T11:31:00+00:00","twitter_card":"summary_large_image","twitter_misc":{"Gesch\u00e4tzte Lesezeit":"1\u00a0Minute"},"schema":{"@context":"https:\/\/schema.org","@graph":[{"@type":"WebPage","@id":"https:\/\/glasmij.com\/verrehorticole\/gehard-glas\/","url":"https:\/\/glasmij.com\/verrehorticole\/gehard-glas\/","name":"Verre tremp\u00e9 - Verrehorticole NEW","isPartOf":{"@id":"https:\/\/glasmij.com\/verrehorticole\/#website"},"datePublished":"2023-06-21T14:02:08+00:00","dateModified":"2024-09-18T11:31:00+00:00","breadcrumb":{"@id":"https:\/\/glasmij.com\/verrehorticole\/gehard-glas\/#breadcrumb"},"inLanguage":"de","potentialAction":[{"@type":"ReadAction","target":["https:\/\/glasmij.com\/verrehorticole\/gehard-glas\/"]}]},{"@type":"BreadcrumbList","@id":"https:\/\/glasmij.com\/verrehorticole\/gehard-glas\/#breadcrumb","itemListElement":[{"@type":"ListItem","position":1,"name":"Home","item":"https:\/\/glasmij.com\/verrehorticole\/"},{"@type":"ListItem","position":2,"name":"Verre tremp\u00e9"}]},{"@type":"WebSite","@id":"https:\/\/glasmij.com\/verrehorticole\/#website","url":"https:\/\/glasmij.com\/verrehorticole\/","name":"Verrehorticole NEW","description":"","potentialAction":[{"@type":"SearchAction","target":{"@type":"EntryPoint","urlTemplate":"https:\/\/glasmij.com\/verrehorticole\/?s={search_term_string}"},"query-input":{"@type":"PropertyValueSpecification","valueRequired":true,"valueName":"search_term_string"}}],"inLanguage":"de"}]}},"_links":{"self":[{"href":"https:\/\/glasmij.com\/verrehorticole\/wp-json\/wp\/v2\/pages\/2010","targetHints":{"allow":["GET"]}}],"collection":[{"href":"https:\/\/glasmij.com\/verrehorticole\/wp-json\/wp\/v2\/pages"}],"about":[{"href":"https:\/\/glasmij.com\/verrehorticole\/wp-json\/wp\/v2\/types\/page"}],"author":[{"embeddable":true,"href":"https:\/\/glasmij.com\/verrehorticole\/wp-json\/wp\/v2\/users\/6"}],"replies":[{"embeddable":true,"href":"https:\/\/glasmij.com\/verrehorticole\/wp-json\/wp\/v2\/comments?post=2010"}],"version-history":[{"count":9,"href":"https:\/\/glasmij.com\/verrehorticole\/wp-json\/wp\/v2\/pages\/2010\/revisions"}],"predecessor-version":[{"id":2302,"href":"https:\/\/glasmij.com\/verrehorticole\/wp-json\/wp\/v2\/pages\/2010\/revisions\/2302"}],"wp:attachment":[{"href":"https:\/\/glasmij.com\/verrehorticole\/wp-json\/wp\/v2\/media?parent=2010"}],"curies":[{"name":"wp","href":"https:\/\/api.w.org\/{rel}","templated":true}]}}