{"id":2422,"date":"2024-10-31T15:11:28","date_gmt":"2024-10-31T14:11:28","guid":{"rendered":"https:\/\/glasmij.com\/verrehorticole\/?page_id=2422"},"modified":"2024-10-31T15:13:35","modified_gmt":"2024-10-31T14:13:35","slug":"serre-de-jardin","status":"publish","type":"page","link":"https:\/\/glasmij.com\/verrehorticole\/serre-de-jardin\/","title":{"rendered":"Serre de jardin"},"content":{"rendered":"<p>Nous fournissons \u00e9galement du verre pour les serres de jardin. Verre float, verre martel\u00e9, verre tremp\u00e9 ou verre feuillet\u00e9, nous fournissons les diff\u00e9rents types de verre sur mesure et, si d\u00e9sir\u00e9, comme vitre mod\u00e8le.<\/p>\n<p>\u00cates-vous \u00e0 la recherche de verre en tant que fournisseur ou fabricant de serres de jardin, envoyez un e-mail \u00e0 <a href=\"mailto:glasmij@glasmij.com\">glasmij@glasmij.com<\/a>\u00a0ou\u00a0appelez t\u00e9l. +31 (0)77 3262777.<\/p>\n","protected":false},"excerpt":{"rendered":"<p>Nous fournissons \u00e9galement du verre pour les serres de jardin. Verre float, verre martel\u00e9, verre &hellip; <a href=\"https:\/\/glasmij.com\/verrehorticole\/serre-de-jardin\/\" class=\"more-link\"><span class=\"screen-reader-text\">\u201eSerre de jardin\u201c<\/span> weiterlesen<\/a><\/p>\n","protected":false},"author":6,"featured_media":0,"parent":0,"menu_order":0,"comment_status":"closed","ping_status":"closed","template":"","meta":{"_acf_changed":false,"footnotes":""},"class_list":["post-2422","page","type-page","status-publish","hentry"],"acf":[],"yoast_head":"<!-- This site is optimized with the Yoast SEO plugin v25.1 - https:\/\/yoast.com\/wordpress\/plugins\/seo\/ -->\n<title>Serre de jardin - Verrehorticole NEW<\/title>\n<meta name=\"robots\" content=\"index, follow, max-snippet:-1, max-image-preview:large, max-video-preview:-1\" \/>\n<link rel=\"canonical\" href=\"https:\/\/glasmij.com\/verrehorticole\/serre-de-jardin\/\" \/>\n<meta property=\"og:locale\" content=\"de_DE\" \/>\n<meta property=\"og:type\" content=\"article\" \/>\n<meta property=\"og:title\" content=\"Serre de jardin - Verrehorticole NEW\" \/>\n<meta property=\"og:description\" content=\"Nous fournissons \u00e9galement du verre pour les serres de jardin. Verre float, verre martel\u00e9, verre &hellip; \u201eSerre de jardin\u201c weiterlesen\" \/>\n<meta property=\"og:url\" content=\"https:\/\/glasmij.com\/verrehorticole\/serre-de-jardin\/\" \/>\n<meta property=\"og:site_name\" content=\"Verrehorticole NEW\" \/>\n<meta property=\"article:modified_time\" content=\"2024-10-31T14:13:35+00:00\" \/>\n<meta name=\"twitter:card\" content=\"summary_large_image\" \/>\n<meta name=\"twitter:label1\" content=\"Gesch\u00e4tzte Lesezeit\" \/>\n\t<meta name=\"twitter:data1\" content=\"1\u00a0Minute\" \/>\n<script type=\"application\/ld+json\" class=\"yoast-schema-graph\">{\"@context\":\"https:\/\/schema.org\",\"@graph\":[{\"@type\":\"WebPage\",\"@id\":\"https:\/\/glasmij.com\/verrehorticole\/serre-de-jardin\/\",\"url\":\"https:\/\/glasmij.com\/verrehorticole\/serre-de-jardin\/\",\"name\":\"Serre de jardin - Verrehorticole NEW\",\"isPartOf\":{\"@id\":\"https:\/\/glasmij.com\/verrehorticole\/#website\"},\"datePublished\":\"2024-10-31T14:11:28+00:00\",\"dateModified\":\"2024-10-31T14:13:35+00:00\",\"breadcrumb\":{\"@id\":\"https:\/\/glasmij.com\/verrehorticole\/serre-de-jardin\/#breadcrumb\"},\"inLanguage\":\"de\",\"potentialAction\":[{\"@type\":\"ReadAction\",\"target\":[\"https:\/\/glasmij.com\/verrehorticole\/serre-de-jardin\/\"]}]},{\"@type\":\"BreadcrumbList\",\"@id\":\"https:\/\/glasmij.com\/verrehorticole\/serre-de-jardin\/#breadcrumb\",\"itemListElement\":[{\"@type\":\"ListItem\",\"position\":1,\"name\":\"Home\",\"item\":\"https:\/\/glasmij.com\/verrehorticole\/\"},{\"@type\":\"ListItem\",\"position\":2,\"name\":\"Serre de jardin\"}]},{\"@type\":\"WebSite\",\"@id\":\"https:\/\/glasmij.com\/verrehorticole\/#website\",\"url\":\"https:\/\/glasmij.com\/verrehorticole\/\",\"name\":\"Verrehorticole NEW\",\"description\":\"\",\"potentialAction\":[{\"@type\":\"SearchAction\",\"target\":{\"@type\":\"EntryPoint\",\"urlTemplate\":\"https:\/\/glasmij.com\/verrehorticole\/?s={search_term_string}\"},\"query-input\":{\"@type\":\"PropertyValueSpecification\",\"valueRequired\":true,\"valueName\":\"search_term_string\"}}],\"inLanguage\":\"de\"}]}<\/script>\n<!-- \/ Yoast SEO plugin. -->","yoast_head_json":{"title":"Serre de jardin - Verrehorticole NEW","robots":{"index":"index","follow":"follow","max-snippet":"max-snippet:-1","max-image-preview":"max-image-preview:large","max-video-preview":"max-video-preview:-1"},"canonical":"https:\/\/glasmij.com\/verrehorticole\/serre-de-jardin\/","og_locale":"de_DE","og_type":"article","og_title":"Serre de jardin - Verrehorticole NEW","og_description":"Nous fournissons \u00e9galement du verre pour les serres de jardin. Verre float, verre martel\u00e9, verre &hellip; \u201eSerre de jardin\u201c weiterlesen","og_url":"https:\/\/glasmij.com\/verrehorticole\/serre-de-jardin\/","og_site_name":"Verrehorticole NEW","article_modified_time":"2024-10-31T14:13:35+00:00","twitter_card":"summary_large_image","twitter_misc":{"Gesch\u00e4tzte Lesezeit":"1\u00a0Minute"},"schema":{"@context":"https:\/\/schema.org","@graph":[{"@type":"WebPage","@id":"https:\/\/glasmij.com\/verrehorticole\/serre-de-jardin\/","url":"https:\/\/glasmij.com\/verrehorticole\/serre-de-jardin\/","name":"Serre de jardin - Verrehorticole NEW","isPartOf":{"@id":"https:\/\/glasmij.com\/verrehorticole\/#website"},"datePublished":"2024-10-31T14:11:28+00:00","dateModified":"2024-10-31T14:13:35+00:00","breadcrumb":{"@id":"https:\/\/glasmij.com\/verrehorticole\/serre-de-jardin\/#breadcrumb"},"inLanguage":"de","potentialAction":[{"@type":"ReadAction","target":["https:\/\/glasmij.com\/verrehorticole\/serre-de-jardin\/"]}]},{"@type":"BreadcrumbList","@id":"https:\/\/glasmij.com\/verrehorticole\/serre-de-jardin\/#breadcrumb","itemListElement":[{"@type":"ListItem","position":1,"name":"Home","item":"https:\/\/glasmij.com\/verrehorticole\/"},{"@type":"ListItem","position":2,"name":"Serre de jardin"}]},{"@type":"WebSite","@id":"https:\/\/glasmij.com\/verrehorticole\/#website","url":"https:\/\/glasmij.com\/verrehorticole\/","name":"Verrehorticole NEW","description":"","potentialAction":[{"@type":"SearchAction","target":{"@type":"EntryPoint","urlTemplate":"https:\/\/glasmij.com\/verrehorticole\/?s={search_term_string}"},"query-input":{"@type":"PropertyValueSpecification","valueRequired":true,"valueName":"search_term_string"}}],"inLanguage":"de"}]}},"_links":{"self":[{"href":"https:\/\/glasmij.com\/verrehorticole\/wp-json\/wp\/v2\/pages\/2422","targetHints":{"allow":["GET"]}}],"collection":[{"href":"https:\/\/glasmij.com\/verrehorticole\/wp-json\/wp\/v2\/pages"}],"about":[{"href":"https:\/\/glasmij.com\/verrehorticole\/wp-json\/wp\/v2\/types\/page"}],"author":[{"embeddable":true,"href":"https:\/\/glasmij.com\/verrehorticole\/wp-json\/wp\/v2\/users\/6"}],"replies":[{"embeddable":true,"href":"https:\/\/glasmij.com\/verrehorticole\/wp-json\/wp\/v2\/comments?post=2422"}],"version-history":[{"count":3,"href":"https:\/\/glasmij.com\/verrehorticole\/wp-json\/wp\/v2\/pages\/2422\/revisions"}],"predecessor-version":[{"id":2428,"href":"https:\/\/glasmij.com\/verrehorticole\/wp-json\/wp\/v2\/pages\/2422\/revisions\/2428"}],"wp:attachment":[{"href":"https:\/\/glasmij.com\/verrehorticole\/wp-json\/wp\/v2\/media?parent=2422"}],"curies":[{"name":"wp","href":"https:\/\/api.w.org\/{rel}","templated":true}]}}